{"id":3855,"date":"2023-08-11T00:09:36","date_gmt":"2023-08-10T22:09:36","guid":{"rendered":"https:\/\/ekahi-surfboards.com\/?page_id=3855"},"modified":"2025-10-01T20:57:04","modified_gmt":"2025-10-01T18:57:04","slug":"contact-dealers-ekahi-surfboards","status":"publish","type":"page","link":"https:\/\/ekahi-surfboards.com\/fr\/contact-dealers-ekahi-surfboards\/","title":{"rendered":"Dealers + contact"},"content":{"rendered":"<div data-elementor-type=\"wp-page\" data-elementor-id=\"3855\" class=\"elementor elementor-3855\" data-elementor-post-type=\"page\">\n\t\t\t\t\t\t<section class=\"elementor-section elementor-top-section elementor-element elementor-element-fdf933f elementor-section-full_width elementor-section-height-default elementor-section-height-default wpr-particle-no wpr-jarallax-no wpr-parallax-no wpr-sticky-section-no wpr-equal-height-no\" data-id=\"fdf933f\" data-element_type=\"section\" data-e-type=\"section\">\n\t\t\t\t\t\t<div class=\"elementor-container elementor-column-gap-default\">\n\t\t\t\t\t<div class=\"elementor-column elementor-col-50 elementor-top-column elementor-element elementor-element-4f4d53a\" data-id=\"4f4d53a\" data-element_type=\"column\" data-e-type=\"column\">\n\t\t\t<div class=\"elementor-widget-wrap elementor-element-populated\">\n\t\t\t\t\t\t<div class=\"elementor-element elementor-element-4df6ee7 wpr-promo-box-style-cover elementor-widget elementor-widget-wpr-promo-box\" data-id=\"4df6ee7\" data-element_type=\"widget\" data-e-type=\"widget\" data-widget_type=\"wpr-promo-box.default\">\n\t\t\t\t<div class=\"elementor-widget-container\">\n\t\t\t\t\t\n\t\t<div class=\"wpr-promo-box wpr-animation-wrap\">\n\n\t\t\t\t\t\t\t\n\t\t\t\t\t\t\t<div class=\"wpr-promo-box-image\">\n\t\t\t\t\t<div class=\"wpr-promo-box-bg-image wpr-bg-anim-none wpr-anim-timing-ease-default\" style=\"background-image:url(https:\/\/ekahi-surfboards.com\/wp-content\/uploads\/2025\/07\/SQUASH-MID-53-FLOOR-TOP-2-scaled.webp);\"><\/div>\n\t\t\t\t\t<div class=\"wpr-promo-box-bg-overlay wpr-border-anim-none\"><\/div>\n\t\t\t\t<\/div>\n\t\t\t\t\t\t\n\t\t\t<div class=\"wpr-promo-box-content\">\n\n\t\t\t\t\t\t\t\t<div class=\"wpr-promo-box-icon\">\n\t\t\t\t\t\t\t\t\t<\/div>\n\t\t\t\t\n\t\t\t\t<h2 class=\"wpr-promo-box-title\"><span>REVENDEURS<\/span><\/h2>\n\t\t\t\t\n\t\t\t\t\t\t\t<\/div>\n\n\t\t\t\t\t<\/div>\n\n\t\t\t\t\t\t<\/div>\n\t\t\t\t<\/div>\n\t\t\t\t<div class=\"elementor-element elementor-element-eddfd8e elementor-widget elementor-widget-spacer\" data-id=\"eddfd8e\" data-element_type=\"widget\" data-e-type=\"widget\" data-widget_type=\"spacer.default\">\n\t\t\t\t<div class=\"elementor-widget-container\">\n\t\t\t\t\t\t\t<div class=\"elementor-spacer\">\n\t\t\t<div class=\"elementor-spacer-inner\"><\/div>\n\t\t<\/div>\n\t\t\t\t\t\t<\/div>\n\t\t\t\t<\/div>\n\t\t\t\t<div class=\"elementor-element elementor-element-6dbfa3d elementor-widget elementor-widget-heading\" data-id=\"6dbfa3d\" data-element_type=\"widget\" data-e-type=\"widget\" data-widget_type=\"heading.default\">\n\t\t\t\t<div class=\"elementor-widget-container\">\n\t\t\t\t\t<h2 class=\"elementor-heading-title elementor-size-default\">Nos Revendeurs<\/h2>\t\t\t\t<\/div>\n\t\t\t\t<\/div>\n\t\t\t\t<div class=\"elementor-element elementor-element-ae4cac2 elementor-widget elementor-widget-text-editor\" data-id=\"ae4cac2\" data-element_type=\"widget\" data-e-type=\"widget\" data-widget_type=\"text-editor.default\">\n\t\t\t\t<div class=\"elementor-widget-container\">\n\t\t\t\t\t\t\t\t\t<p>\u00c0 venir\u2026<\/p>\t\t\t\t\t\t\t\t<\/div>\n\t\t\t\t<\/div>\n\t\t\t\t<div class=\"elementor-element elementor-element-5474b6f elementor-widget-divider--view-line elementor-widget elementor-widget-divider\" data-id=\"5474b6f\" data-element_type=\"widget\" data-e-type=\"widget\" data-widget_type=\"divider.default\">\n\t\t\t\t<div class=\"elementor-widget-container\">\n\t\t\t\t\t\t\t<div class=\"elementor-divider\">\n\t\t\t<span class=\"elementor-divider-separator\">\n\t\t\t\t\t\t<\/span>\n\t\t<\/div>\n\t\t\t\t\t\t<\/div>\n\t\t\t\t<\/div>\n\t\t\t\t<div class=\"elementor-element elementor-element-f20ea07 elementor-widget elementor-widget-heading\" data-id=\"f20ea07\" data-element_type=\"widget\" data-e-type=\"widget\" data-widget_type=\"heading.default\">\n\t\t\t\t<div class=\"elementor-widget-container\">\n\t\t\t\t\t<h2 class=\"elementor-heading-title elementor-size-default\">Devenir Revendeurs<\/h2>\t\t\t\t<\/div>\n\t\t\t\t<\/div>\n\t\t\t\t<div class=\"elementor-element elementor-element-4aee82e elementor-widget elementor-widget-text-editor\" data-id=\"4aee82e\" data-element_type=\"widget\" data-e-type=\"widget\" data-widget_type=\"text-editor.default\">\n\t\t\t\t<div class=\"elementor-widget-container\">\n\t\t\t\t\t\t\t\t\t<p>Envoyez un mail \u00e0 : <span style=\"color: #000000;\"><strong>dealers@ekahi-surfboards.com<\/strong><\/span><\/p>\t\t\t\t\t\t\t\t<\/div>\n\t\t\t\t<\/div>\n\t\t\t\t\t<\/div>\n\t\t<\/div>\n\t\t\t\t<div class=\"elementor-column elementor-col-50 elementor-top-column elementor-element elementor-element-5dcf21a\" data-id=\"5dcf21a\" data-element_type=\"column\" data-e-type=\"column\">\n\t\t\t<div class=\"elementor-widget-wrap elementor-element-populated\">\n\t\t\t\t\t\t<div class=\"elementor-element elementor-element-59c1031 wpr-promo-box-style-cover elementor-widget elementor-widget-wpr-promo-box\" data-id=\"59c1031\" data-element_type=\"widget\" data-e-type=\"widget\" data-widget_type=\"wpr-promo-box.default\">\n\t\t\t\t<div class=\"elementor-widget-container\">\n\t\t\t\t\t\n\t\t<div class=\"wpr-promo-box wpr-animation-wrap\">\n\n\t\t\t\t\t\t\t\n\t\t\t\t\t\t\t<div class=\"wpr-promo-box-image\">\n\t\t\t\t\t<div class=\"wpr-promo-box-bg-image wpr-bg-anim-none wpr-anim-timing-ease-default\" style=\"background-image:url(https:\/\/ekahi-surfboards.com\/wp-content\/uploads\/2025\/07\/MID-BLUE-BOTTOM-HAND-1-scaled.webp);\"><\/div>\n\t\t\t\t\t<div class=\"wpr-promo-box-bg-overlay wpr-border-anim-none\"><\/div>\n\t\t\t\t<\/div>\n\t\t\t\t\t\t\n\t\t\t<div class=\"wpr-promo-box-content\">\n\n\t\t\t\t\t\t\t\t<div class=\"wpr-promo-box-icon\">\n\t\t\t\t\t\t\t\t\t<\/div>\n\t\t\t\t\n\t\t\t\t<h2 class=\"wpr-promo-box-title\"><span>CONTACTEZ NOUS<\/span><\/h2>\n\t\t\t\t\n\t\t\t\t\t\t\t<\/div>\n\n\t\t\t\t\t<\/div>\n\n\t\t\t\t\t\t<\/div>\n\t\t\t\t<\/div>\n\t\t\t\t<div class=\"elementor-element elementor-element-797914c elementor-widget elementor-widget-spacer\" data-id=\"797914c\" data-element_type=\"widget\" data-e-type=\"widget\" data-widget_type=\"spacer.default\">\n\t\t\t\t<div class=\"elementor-widget-container\">\n\t\t\t\t\t\t\t<div class=\"elementor-spacer\">\n\t\t\t<div class=\"elementor-spacer-inner\"><\/div>\n\t\t<\/div>\n\t\t\t\t\t\t<\/div>\n\t\t\t\t<\/div>\n\t\t\t\t<div class=\"elementor-element elementor-element-cac289b elementor-widget elementor-widget-heading\" data-id=\"cac289b\" data-element_type=\"widget\" data-e-type=\"widget\" data-widget_type=\"heading.default\">\n\t\t\t\t<div class=\"elementor-widget-container\">\n\t\t\t\t\t<h2 class=\"elementor-heading-title elementor-size-default\">Contact<\/h2>\t\t\t\t<\/div>\n\t\t\t\t<\/div>\n\t\t\t\t<div class=\"elementor-element elementor-element-40b65c1 elementor-widget elementor-widget-text-editor\" data-id=\"40b65c1\" data-element_type=\"widget\" data-e-type=\"widget\" data-widget_type=\"text-editor.default\">\n\t\t\t\t<div class=\"elementor-widget-container\">\n\t\t\t\t\t\t\t\t\t<p>N\u2019h\u00e9sitez pas \u00e0 envoyer un e-mail \u00e0 : <span style=\"color: #000000;\"><strong>contact@ekahi-surfboards.com<\/strong><\/span><\/p>\t\t\t\t\t\t\t\t<\/div>\n\t\t\t\t<\/div>\n\t\t<div class=\"elementor-element elementor-element-c4ead6a e-flex e-con-boxed wpr-particle-no wpr-jarallax-no wpr-parallax-no wpr-sticky-section-no wpr-equal-height-no e-con e-parent\" data-id=\"c4ead6a\" data-element_type=\"container\" data-e-type=\"container\">\n\t\t\t\t\t<div class=\"e-con-inner\">\n\t\t<div class=\"elementor-element elementor-element-32f9558 e-con-full e-flex wpr-particle-no wpr-jarallax-no wpr-parallax-no wpr-sticky-section-no wpr-equal-height-no e-con e-child\" data-id=\"32f9558\" data-element_type=\"container\" data-e-type=\"container\">\n\t\t<div class=\"elementor-element elementor-element-f755b53 e-con-full e-flex wpr-particle-no wpr-jarallax-no wpr-parallax-no wpr-sticky-section-no wpr-equal-height-no e-con e-child\" data-id=\"f755b53\" data-element_type=\"container\" data-e-type=\"container\">\n\t\t<div class=\"elementor-element elementor-element-0821064 e-con-full e-flex wpr-particle-no wpr-jarallax-no wpr-parallax-no wpr-sticky-section-no wpr-equal-height-no e-con e-child\" data-id=\"0821064\" data-element_type=\"container\" data-e-type=\"container\">\n\t\t\t\t<div class=\"elementor-element elementor-element-9fc746d elementor-view-default elementor-widget elementor-widget-icon\" data-id=\"9fc746d\" data-element_type=\"widget\" data-e-type=\"widget\" data-widget_type=\"icon.default\">\n\t\t\t\t<div class=\"elementor-widget-container\">\n\t\t\t\t\t\t\t<div class=\"elementor-icon-wrapper\">\n\t\t\t<a class=\"elementor-icon elementor-animation-shrink\" href=\"https:\/\/www.tiktok.com\/@ekahi.surfboards\">\n\t\t\t<i aria-hidden=\"true\" class=\"fab fa-tiktok\"><\/i>\t\t\t<\/a>\n\t\t<\/div>\n\t\t\t\t\t\t<\/div>\n\t\t\t\t<\/div>\n\t\t\t\t<\/div>\n\t\t<div class=\"elementor-element elementor-element-7a43e7f e-con-full e-flex wpr-particle-no wpr-jarallax-no wpr-parallax-no wpr-sticky-section-no wpr-equal-height-no e-con e-child\" data-id=\"7a43e7f\" data-element_type=\"container\" data-e-type=\"container\">\n\t\t\t\t<div class=\"elementor-element elementor-element-5014eee elementor-view-default elementor-widget elementor-widget-icon\" data-id=\"5014eee\" data-element_type=\"widget\" data-e-type=\"widget\" data-widget_type=\"icon.default\">\n\t\t\t\t<div class=\"elementor-widget-container\">\n\t\t\t\t\t\t\t<div class=\"elementor-icon-wrapper\">\n\t\t\t<a class=\"elementor-icon elementor-animation-shrink\" href=\"https:\/\/www.youtube.com\/@EkahiSurfboards\">\n\t\t\t<i aria-hidden=\"true\" class=\"fab fa-youtube\"><\/i>\t\t\t<\/a>\n\t\t<\/div>\n\t\t\t\t\t\t<\/div>\n\t\t\t\t<\/div>\n\t\t\t\t<\/div>\n\t\t<div class=\"elementor-element elementor-element-acbda19 e-con-full e-flex wpr-particle-no wpr-jarallax-no wpr-parallax-no wpr-sticky-section-no wpr-equal-height-no e-con e-child\" data-id=\"acbda19\" data-element_type=\"container\" data-e-type=\"container\">\n\t\t\t\t<div class=\"elementor-element elementor-element-d13d882 elementor-view-default elementor-widget elementor-widget-icon\" data-id=\"d13d882\" data-element_type=\"widget\" data-e-type=\"widget\" data-widget_type=\"icon.default\">\n\t\t\t\t<div class=\"elementor-widget-container\">\n\t\t\t\t\t\t\t<div class=\"elementor-icon-wrapper\">\n\t\t\t<a class=\"elementor-icon elementor-animation-shrink\" href=\"https:\/\/www.instagram.com\/ekahi.surfboards\/\">\n\t\t\t<i aria-hidden=\"true\" class=\"fab fa-instagram\"><\/i>\t\t\t<\/a>\n\t\t<\/div>\n\t\t\t\t\t\t<\/div>\n\t\t\t\t<\/div>\n\t\t\t\t<\/div>\n\t\t\t\t<\/div>\n\t\t\t\t<\/div>\n\t\t\t\t\t<\/div>\n\t\t\t\t<\/div>\n\t\t\t\t\t<\/div>\n\t\t<\/div>\n\t\t\t\t\t<\/div>\n\t\t<\/section>\n\t\t\t\t<\/div>","protected":false},"excerpt":{"rendered":"<p>RESELLERS Our dealers Incoming&#8230; Become dealers Send mail at : dealers@ekahi-surfboards.com CONTACT US Contact Fell free to send mail at : contact@ekahi-surfboards.com<\/p>","protected":false},"author":1,"featured_media":0,"parent":0,"menu_order":0,"comment_status":"closed","ping_status":"closed","template":"","meta":{"footnotes":""},"class_list":["post-3855","page","type-page","status-publish","hentry"],"yoast_head":"<!-- This site is optimized with the Yoast SEO plugin v27.4 - https:\/\/yoast.com\/product\/yoast-seo-wordpress\/ -->\n<title>Contact and dealers - EKAHI SURFBOARDS<\/title>\n<meta name=\"description\" content=\"Fell free to contact us via email and explore the list of our resellers where you can discover our wide range of products.\" \/>\n<meta name=\"robots\" content=\"index, follow, max-snippet:-1, max-image-preview:large, max-video-preview:-1\" \/>\n<link rel=\"canonical\" href=\"https:\/\/ekahi-surfboards.com\/fr\/contact-dealers-ekahi-surfboards\/\" \/>\n<meta property=\"og:locale\" content=\"fr_FR\" \/>\n<meta property=\"og:type\" content=\"article\" \/>\n<meta property=\"og:title\" content=\"Contact and dealers - EKAHI SURFBOARDS\" \/>\n<meta property=\"og:description\" content=\"Fell free to contact us via email and explore the list of our resellers where you can discover our wide range of products.\" \/>\n<meta property=\"og:url\" content=\"https:\/\/ekahi-surfboards.com\/fr\/contact-dealers-ekahi-surfboards\/\" \/>\n<meta property=\"og:site_name\" content=\"Ekahi surfboards\" \/>\n<meta property=\"article:modified_time\" content=\"2025-10-01T18:57:04+00:00\" \/>\n<meta name=\"twitter:card\" content=\"summary_large_image\" \/>\n<meta name=\"twitter:label1\" content=\"Dur\u00e9e de lecture estim\u00e9e\" \/>\n\t<meta name=\"twitter:data1\" content=\"1 minute\" \/>\n<script type=\"application\/ld+json\" class=\"yoast-schema-graph\">{\"@context\":\"https:\\\/\\\/schema.org\",\"@graph\":[{\"@type\":\"WebPage\",\"@id\":\"https:\\\/\\\/ekahi-surfboards.com\\\/contact-dealers-ekahi-surfboards\\\/\",\"url\":\"https:\\\/\\\/ekahi-surfboards.com\\\/contact-dealers-ekahi-surfboards\\\/\",\"name\":\"Contact and dealers - EKAHI SURFBOARDS\",\"isPartOf\":{\"@id\":\"https:\\\/\\\/ekahi-surfboards.com\\\/#website\"},\"datePublished\":\"2023-08-10T22:09:36+00:00\",\"dateModified\":\"2025-10-01T18:57:04+00:00\",\"description\":\"Fell free to contact us via email and explore the list of our resellers where you can discover our wide range of products.\",\"breadcrumb\":{\"@id\":\"https:\\\/\\\/ekahi-surfboards.com\\\/contact-dealers-ekahi-surfboards\\\/#breadcrumb\"},\"inLanguage\":\"fr-FR\",\"potentialAction\":[{\"@type\":\"ReadAction\",\"target\":[\"https:\\\/\\\/ekahi-surfboards.com\\\/contact-dealers-ekahi-surfboards\\\/\"]}]},{\"@type\":\"BreadcrumbList\",\"@id\":\"https:\\\/\\\/ekahi-surfboards.com\\\/contact-dealers-ekahi-surfboards\\\/#breadcrumb\",\"itemListElement\":[{\"@type\":\"ListItem\",\"position\":1,\"name\":\"Accueil\",\"item\":\"https:\\\/\\\/ekahi-surfboards.com\\\/\"},{\"@type\":\"ListItem\",\"position\":2,\"name\":\"Dealers + contact\"}]},{\"@type\":\"WebSite\",\"@id\":\"https:\\\/\\\/ekahi-surfboards.com\\\/#website\",\"url\":\"https:\\\/\\\/ekahi-surfboards.com\\\/\",\"name\":\"Ekahi surfboards\",\"description\":\"Engineered for speed. Built to last.\",\"publisher\":{\"@id\":\"https:\\\/\\\/ekahi-surfboards.com\\\/#organization\"},\"potentialAction\":[{\"@type\":\"SearchAction\",\"target\":{\"@type\":\"EntryPoint\",\"urlTemplate\":\"https:\\\/\\\/ekahi-surfboards.com\\\/?s={search_term_string}\"},\"query-input\":{\"@type\":\"PropertyValueSpecification\",\"valueRequired\":true,\"valueName\":\"search_term_string\"}}],\"inLanguage\":\"fr-FR\"},{\"@type\":\"Organization\",\"@id\":\"https:\\\/\\\/ekahi-surfboards.com\\\/#organization\",\"name\":\"Ekahi surfboards\",\"url\":\"https:\\\/\\\/ekahi-surfboards.com\\\/\",\"logo\":{\"@type\":\"ImageObject\",\"inLanguage\":\"fr-FR\",\"@id\":\"https:\\\/\\\/ekahi-surfboards.com\\\/#\\\/schema\\\/logo\\\/image\\\/\",\"url\":\"https:\\\/\\\/ekahi-surfboards.com\\\/wp-content\\\/uploads\\\/2023\\\/05\\\/cropped-Logo-E-1.png\",\"contentUrl\":\"https:\\\/\\\/ekahi-surfboards.com\\\/wp-content\\\/uploads\\\/2023\\\/05\\\/cropped-Logo-E-1.png\",\"width\":512,\"height\":512,\"caption\":\"Ekahi surfboards\"},\"image\":{\"@id\":\"https:\\\/\\\/ekahi-surfboards.com\\\/#\\\/schema\\\/logo\\\/image\\\/\"},\"sameAs\":[\"https:\\\/\\\/www.instagram.com\\\/ekahi.surfboards\\\/\",\"https:\\\/\\\/www.tiktok.com\\\/@ekahi.surfboards\"]}]}<\/script>\n<!-- \/ Yoast SEO plugin. -->","yoast_head_json":{"title":"Contact and dealers - EKAHI SURFBOARDS","description":"Fell free to contact us via email and explore the list of our resellers where you can discover our wide range of products.","robots":{"index":"index","follow":"follow","max-snippet":"max-snippet:-1","max-image-preview":"max-image-preview:large","max-video-preview":"max-video-preview:-1"},"canonical":"https:\/\/ekahi-surfboards.com\/fr\/contact-dealers-ekahi-surfboards\/","og_locale":"fr_FR","og_type":"article","og_title":"Contact and dealers - EKAHI SURFBOARDS","og_description":"Fell free to contact us via email and explore the list of our resellers where you can discover our wide range of products.","og_url":"https:\/\/ekahi-surfboards.com\/fr\/contact-dealers-ekahi-surfboards\/","og_site_name":"Ekahi surfboards","article_modified_time":"2025-10-01T18:57:04+00:00","twitter_card":"summary_large_image","twitter_misc":{"Dur\u00e9e de lecture estim\u00e9e":"1 minute"},"schema":{"@context":"https:\/\/schema.org","@graph":[{"@type":"WebPage","@id":"https:\/\/ekahi-surfboards.com\/contact-dealers-ekahi-surfboards\/","url":"https:\/\/ekahi-surfboards.com\/contact-dealers-ekahi-surfboards\/","name":"Contact and dealers - EKAHI SURFBOARDS","isPartOf":{"@id":"https:\/\/ekahi-surfboards.com\/#website"},"datePublished":"2023-08-10T22:09:36+00:00","dateModified":"2025-10-01T18:57:04+00:00","description":"Fell free to contact us via email and explore the list of our resellers where you can discover our wide range of products.","breadcrumb":{"@id":"https:\/\/ekahi-surfboards.com\/contact-dealers-ekahi-surfboards\/#breadcrumb"},"inLanguage":"fr-FR","potentialAction":[{"@type":"ReadAction","target":["https:\/\/ekahi-surfboards.com\/contact-dealers-ekahi-surfboards\/"]}]},{"@type":"BreadcrumbList","@id":"https:\/\/ekahi-surfboards.com\/contact-dealers-ekahi-surfboards\/#breadcrumb","itemListElement":[{"@type":"ListItem","position":1,"name":"Accueil","item":"https:\/\/ekahi-surfboards.com\/"},{"@type":"ListItem","position":2,"name":"Dealers + contact"}]},{"@type":"WebSite","@id":"https:\/\/ekahi-surfboards.com\/#website","url":"https:\/\/ekahi-surfboards.com\/","name":"Ekahi surfboards","description":"Engineered for speed. Built to last.","publisher":{"@id":"https:\/\/ekahi-surfboards.com\/#organization"},"potentialAction":[{"@type":"SearchAction","target":{"@type":"EntryPoint","urlTemplate":"https:\/\/ekahi-surfboards.com\/?s={search_term_string}"},"query-input":{"@type":"PropertyValueSpecification","valueRequired":true,"valueName":"search_term_string"}}],"inLanguage":"fr-FR"},{"@type":"Organization","@id":"https:\/\/ekahi-surfboards.com\/#organization","name":"Ekahi surfboards","url":"https:\/\/ekahi-surfboards.com\/","logo":{"@type":"ImageObject","inLanguage":"fr-FR","@id":"https:\/\/ekahi-surfboards.com\/#\/schema\/logo\/image\/","url":"https:\/\/ekahi-surfboards.com\/wp-content\/uploads\/2023\/05\/cropped-Logo-E-1.png","contentUrl":"https:\/\/ekahi-surfboards.com\/wp-content\/uploads\/2023\/05\/cropped-Logo-E-1.png","width":512,"height":512,"caption":"Ekahi surfboards"},"image":{"@id":"https:\/\/ekahi-surfboards.com\/#\/schema\/logo\/image\/"},"sameAs":["https:\/\/www.instagram.com\/ekahi.surfboards\/","https:\/\/www.tiktok.com\/@ekahi.surfboards"]}]}},"jetpack_sharing_enabled":true,"_links":{"self":[{"href":"https:\/\/ekahi-surfboards.com\/fr\/wp-json\/wp\/v2\/pages\/3855","targetHints":{"allow":["GET"]}}],"collection":[{"href":"https:\/\/ekahi-surfboards.com\/fr\/wp-json\/wp\/v2\/pages"}],"about":[{"href":"https:\/\/ekahi-surfboards.com\/fr\/wp-json\/wp\/v2\/types\/page"}],"author":[{"embeddable":true,"href":"https:\/\/ekahi-surfboards.com\/fr\/wp-json\/wp\/v2\/users\/1"}],"replies":[{"embeddable":true,"href":"https:\/\/ekahi-surfboards.com\/fr\/wp-json\/wp\/v2\/comments?post=3855"}],"version-history":[{"count":40,"href":"https:\/\/ekahi-surfboards.com\/fr\/wp-json\/wp\/v2\/pages\/3855\/revisions"}],"predecessor-version":[{"id":15174,"href":"https:\/\/ekahi-surfboards.com\/fr\/wp-json\/wp\/v2\/pages\/3855\/revisions\/15174"}],"wp:attachment":[{"href":"https:\/\/ekahi-surfboards.com\/fr\/wp-json\/wp\/v2\/media?parent=3855"}],"curies":[{"name":"wp","href":"https:\/\/api.w.org\/{rel}","templated":true}]}}