{"id":13909,"date":"2025-08-01T23:10:34","date_gmt":"2025-08-01T21:10:34","guid":{"rendered":"https:\/\/ekahi-surfboards.com\/?page_id=13909"},"modified":"2026-05-10T13:28:18","modified_gmt":"2026-05-10T11:28:18","slug":"planches-de-surf","status":"publish","type":"page","link":"https:\/\/ekahi-surfboards.com\/fr\/surfboards\/","title":{"rendered":"PLANCHES DE SURF"},"content":{"rendered":"<div data-elementor-type=\"wp-page\" data-elementor-id=\"13909\" class=\"elementor elementor-13909\" data-elementor-post-type=\"page\">\n\t\t\t\t\t\t<section class=\"elementor-section elementor-top-section elementor-element elementor-element-b2c0342 elementor-section-full_width elementor-section-height-default elementor-section-height-default wpr-particle-no wpr-jarallax-no wpr-parallax-no wpr-sticky-section-no wpr-column-slider-no wpr-equal-height-no\" data-id=\"b2c0342\" data-element_type=\"section\" data-e-type=\"section\">\n\t\t\t\t\t\t\t<div class=\"elementor-background-overlay\"><\/div>\n\t\t\t\t\t\t\t<div class=\"elementor-container elementor-column-gap-default\">\n\t\t\t\t\t<div class=\"elementor-column elementor-col-100 elementor-top-column elementor-element elementor-element-e13da09\" data-id=\"e13da09\" data-element_type=\"column\" data-e-type=\"column\">\n\t\t\t<div class=\"elementor-widget-wrap elementor-element-populated\">\n\t\t\t\t\t\t<div class=\"elementor-element elementor-element-e0bbc7c wpr-promo-box-style-cover elementor-widget elementor-widget-wpr-promo-box\" data-id=\"e0bbc7c\" data-element_type=\"widget\" data-e-type=\"widget\" data-widget_type=\"wpr-promo-box.default\">\n\t\t\t\t<div class=\"elementor-widget-container\">\n\t\t\t\t\t\n\t\t<div class=\"wpr-promo-box wpr-animation-wrap\">\n\n\t\t\t\t\t\t\t\n\t\t\t\t\t\t\t<div class=\"wpr-promo-box-image\">\n\t\t\t\t\t<div class=\"wpr-promo-box-bg-image wpr-bg-anim-none wpr-anim-timing-ease-default\" style=\"background-image:url(https:\/\/ekahi-surfboards.com\/wp-content\/uploads\/2025\/05\/CHANNELS-BEACH-BLUE-LOGO-2-scaled.webp);\"><\/div>\n\t\t\t\t\t<div class=\"wpr-promo-box-bg-overlay wpr-border-anim-none\"><\/div>\n\t\t\t\t<\/div>\n\t\t\t\t\t\t\n\t\t\t<div class=\"wpr-promo-box-content\">\n\n\t\t\t\t\t\t\t\t<div class=\"wpr-promo-box-icon\">\n\t\t\t\t\t\t\t\t\t<\/div>\n\t\t\t\t\n\t\t\t\t<h1 class=\"wpr-promo-box-title\"><span>PLANCHES DE SURF<\/span><\/h1>\n\t\t\t\t\n\t\t\t\t\t\t\t<\/div>\n\n\t\t\t\t\t<\/div>\n\n\t\t\t\t\t\t<\/div>\n\t\t\t\t<\/div>\n\t\t\t\t\t<\/div>\n\t\t<\/div>\n\t\t\t\t\t<\/div>\n\t\t<\/section>\n\t\t\t\t<section class=\"elementor-section elementor-top-section elementor-element elementor-element-b2256e9 elementor-section-boxed elementor-section-height-default elementor-section-height-default wpr-particle-no wpr-jarallax-no wpr-parallax-no wpr-sticky-section-no wpr-column-slider-no wpr-equal-height-no\" data-id=\"b2256e9\" data-element_type=\"section\" data-e-type=\"section\">\n\t\t\t\t\t\t<div class=\"elementor-container elementor-column-gap-default\">\n\t\t\t\t\t<div class=\"elementor-column elementor-col-100 elementor-top-column elementor-element elementor-element-1e901c0\" data-id=\"1e901c0\" data-element_type=\"column\" data-e-type=\"column\">\n\t\t\t<div class=\"elementor-widget-wrap elementor-element-populated\">\n\t\t\t\t\t\t<div class=\"elementor-element elementor-element-9ab30ba elementor-widget elementor-widget-breadcrumbs\" data-id=\"9ab30ba\" data-element_type=\"widget\" data-e-type=\"widget\" data-widget_type=\"breadcrumbs.default\">\n\t\t\t\t<div class=\"elementor-widget-container\">\n\t\t\t\t\t<p id=\"breadcrumbs\"><span><span><a href=\"https:\/\/ekahi-surfboards.com\/fr\/\">Accueil<\/a><\/span><\/span><\/p>\t\t\t\t<\/div>\n\t\t\t\t<\/div>\n\t\t\t\t\t<\/div>\n\t\t<\/div>\n\t\t\t\t\t<\/div>\n\t\t<\/section>\n\t\t<div class=\"elementor-element elementor-element-144e60f e-flex e-con-boxed wpr-particle-no wpr-jarallax-no wpr-parallax-no wpr-sticky-section-no wpr-column-slider-no wpr-equal-height-no e-con e-parent\" data-id=\"144e60f\" data-element_type=\"container\" data-e-type=\"container\">\n\t\t\t\t\t<div class=\"e-con-inner\">\n\t\t\t\t<div class=\"elementor-element elementor-element-ec64059 elementor-widget elementor-widget-heading\" data-id=\"ec64059\" data-element_type=\"widget\" data-e-type=\"widget\" data-widget_type=\"heading.default\">\n\t\t\t\t<div class=\"elementor-widget-container\">\n\t\t\t\t\t<h2 class=\"elementor-heading-title elementor-size-default\">Trouver votre planche de surf - Tous les shapes, tous les niveaux, toutes les conditions<\/h2>\t\t\t\t<\/div>\n\t\t\t\t<\/div>\n\t\t\t\t<div class=\"elementor-element elementor-element-31806cd elementor-widget elementor-widget-text-editor\" data-id=\"31806cd\" data-element_type=\"widget\" data-e-type=\"widget\" data-widget_type=\"text-editor.default\">\n\t\t\t\t<div class=\"elementor-widget-container\">\n\t\t\t\t\t\t\t\t\t<p>Que vous appreniez \u00e0 surfer, que vous perfectionniez vos virages ou que vous recherchiez vitesse et fluidit\u00e9, notre gamme de planches de surf r\u00e9pond \u00e0 tous les besoins.<br data-start=\"1828\" data-end=\"1831\" \/>Des planches en mousse (soft-top) aux mod\u00e8les carbone haute performance, nous proposons des shortboards, twin fins, mid-lengths et longboards, con\u00e7us pour les vagues du quotidien et les surfeurs.<br data-start=\"1984\" data-end=\"1987\" \/>Con\u00e7ues et adopt\u00e9es dans toute l\u2019Europe, faites pour surfer partout.<\/p>\t\t\t\t\t\t\t\t<\/div>\n\t\t\t\t<\/div>\n\t\t\t\t\t<\/div>\n\t\t\t\t<\/div>\n\t\t\t\t<section class=\"elementor-section elementor-top-section elementor-element elementor-element-ef74f65 elementor-section-full_width elementor-section-height-default elementor-section-height-default wpr-particle-no wpr-jarallax-no wpr-parallax-no wpr-sticky-section-no wpr-column-slider-no wpr-equal-height-no\" data-id=\"ef74f65\" data-element_type=\"section\" data-e-type=\"section\">\n\t\t\t\t\t\t<div class=\"elementor-container elementor-column-gap-default\">\n\t\t\t\t\t<div class=\"elementor-column elementor-col-50 elementor-top-column elementor-element elementor-element-0920692\" data-id=\"0920692\" data-element_type=\"column\" data-e-type=\"column\">\n\t\t\t<div class=\"elementor-widget-wrap elementor-element-populated\">\n\t\t\t\t\t\t<div class=\"elementor-element elementor-element-ef2cb41 elementor-cta--skin-cover elementor-cta--valign-middle elementor-widget elementor-widget-call-to-action\" data-id=\"ef2cb41\" data-element_type=\"widget\" data-e-type=\"widget\" data-widget_type=\"call-to-action.default\">\n\t\t\t\t<div class=\"elementor-widget-container\">\n\t\t\t\t\t\t\t<a class=\"elementor-cta\" href=\"https:\/\/ekahi-surfboards.com\/fr\/planches-de-surf-carbone\/\">\n\t\t\t\t\t<div class=\"elementor-cta__bg-wrapper\">\n\t\t\t\t<div class=\"elementor-cta__bg elementor-bg\" style=\"background-image: url(https:\/\/ekahi-surfboards.com\/wp-content\/uploads\/2026\/02\/a-inserer-scaled.jpg);\" role=\"img\" aria-label=\"a inserer\"><\/div>\n\t\t\t\t<div class=\"elementor-cta__bg-overlay\"><\/div>\n\t\t\t<\/div>\n\t\t\t\t\t\t\t<div class=\"elementor-cta__content\">\n\t\t\t\t\n\t\t\t\t\t\t\t\t\t<h3 class=\"elementor-cta__title elementor-cta__content-item elementor-content-item\">\n\t\t\t\t\t\tPlanches de surf en carbone\t\t\t\t\t<\/h3>\n\t\t\t\t\n\t\t\t\t\n\t\t\t\t\t\t\t<\/div>\n\t\t\t\t\t\t<\/a>\n\t\t\t\t\t\t<\/div>\n\t\t\t\t<\/div>\n\t\t\t\t\t<\/div>\n\t\t<\/div>\n\t\t\t\t<div class=\"elementor-column elementor-col-50 elementor-top-column elementor-element elementor-element-63d4030\" data-id=\"63d4030\" data-element_type=\"column\" data-e-type=\"column\">\n\t\t\t<div class=\"elementor-widget-wrap elementor-element-populated\">\n\t\t\t\t\t\t<div class=\"elementor-element elementor-element-1936db2 elementor-cta--skin-cover elementor-cta--valign-middle elementor-widget elementor-widget-call-to-action\" data-id=\"1936db2\" data-element_type=\"widget\" data-e-type=\"widget\" data-widget_type=\"call-to-action.default\">\n\t\t\t\t<div class=\"elementor-widget-container\">\n\t\t\t\t\t\t\t<a class=\"elementor-cta\" href=\"https:\/\/ekahi-surfboards.com\/fr\/planches-de-surf-en-mousse\/\">\n\t\t\t\t\t<div class=\"elementor-cta__bg-wrapper\">\n\t\t\t\t<div class=\"elementor-cta__bg elementor-bg\" style=\"background-image: url(https:\/\/ekahi-surfboards.com\/wp-content\/uploads\/2025\/05\/SOFT-1-scaled.webp);\" role=\"img\" aria-label=\"SOFT-1\"><\/div>\n\t\t\t\t<div class=\"elementor-cta__bg-overlay\"><\/div>\n\t\t\t<\/div>\n\t\t\t\t\t\t\t<div class=\"elementor-cta__content\">\n\t\t\t\t\n\t\t\t\t\t\t\t\t\t<h3 class=\"elementor-cta__title elementor-cta__content-item elementor-content-item\">\n\t\t\t\t\t\tPlanches en Mousse\t\t\t\t\t<\/h3>\n\t\t\t\t\n\t\t\t\t\n\t\t\t\t\t\t\t<\/div>\n\t\t\t\t\t\t<\/a>\n\t\t\t\t\t\t<\/div>\n\t\t\t\t<\/div>\n\t\t\t\t\t<\/div>\n\t\t<\/div>\n\t\t\t\t\t<\/div>\n\t\t<\/section>\n\t\t\t\t<section class=\"elementor-section elementor-top-section elementor-element elementor-element-bfcf616 elementor-section-boxed elementor-section-height-default elementor-section-height-default wpr-particle-no wpr-jarallax-no wpr-parallax-no wpr-sticky-section-no wpr-column-slider-no wpr-equal-height-no\" data-id=\"bfcf616\" data-element_type=\"section\" data-e-type=\"section\">\n\t\t\t\t\t\t<div class=\"elementor-container elementor-column-gap-default\">\n\t\t\t\t\t<div class=\"elementor-column elementor-col-100 elementor-top-column elementor-element elementor-element-33ba7c7\" data-id=\"33ba7c7\" data-element_type=\"column\" data-e-type=\"column\">\n\t\t\t<div class=\"elementor-widget-wrap elementor-element-populated\">\n\t\t\t\t\t\t<div class=\"elementor-element elementor-element-78bcefb wpr-stt-btn-align-fixed wpr-stt-btn-align-fixed-right elementor-widget elementor-widget-wpr-back-to-top\" data-id=\"78bcefb\" data-element_type=\"widget\" data-e-type=\"widget\" data-widget_type=\"wpr-back-to-top.default\">\n\t\t\t\t<div class=\"elementor-widget-container\">\n\t\t\t\t\t<div class=\"wpr-stt-wrapper\"><div class='wpr-stt-btn' data-settings='{&quot;animation&quot;:&quot;fade&quot;,&quot;animationOffset&quot;:&quot;0&quot;,&quot;animationDuration&quot;:&quot;200&quot;,&quot;fixed&quot;:&quot;fixed&quot;,&quot;scrolAnim&quot;:&quot;800&quot;}'><span class=\"wpr-stt-icon\"><i class=\"fas fa-chevron-up\"><\/i><\/span><\/div><\/div>\t\t\t\t<\/div>\n\t\t\t\t<\/div>\n\t\t\t\t\t<\/div>\n\t\t<\/div>\n\t\t\t\t\t<\/div>\n\t\t<\/section>\n\t\t\t\t<section class=\"elementor-section elementor-top-section elementor-element elementor-element-7721c25 elementor-section-boxed elementor-section-height-default elementor-section-height-default wpr-particle-no wpr-jarallax-no wpr-parallax-no wpr-sticky-section-no wpr-column-slider-no wpr-equal-height-no\" data-id=\"7721c25\" data-element_type=\"section\" data-e-type=\"section\">\n\t\t\t\t\t\t<div class=\"elementor-container elementor-column-gap-default\">\n\t\t\t\t\t<div class=\"elementor-column elementor-col-100 elementor-top-column elementor-element elementor-element-a03a355\" data-id=\"a03a355\" data-element_type=\"column\" data-e-type=\"column\">\n\t\t\t<div class=\"elementor-widget-wrap elementor-element-populated\">\n\t\t\t\t\t\t<div class=\"elementor-element elementor-element-2b8372e elementor-widget elementor-widget-spacer\" data-id=\"2b8372e\" data-element_type=\"widget\" data-e-type=\"widget\" data-widget_type=\"spacer.default\">\n\t\t\t\t<div class=\"elementor-widget-container\">\n\t\t\t\t\t\t\t<div class=\"elementor-spacer\">\n\t\t\t<div class=\"elementor-spacer-inner\"><\/div>\n\t\t<\/div>\n\t\t\t\t\t\t<\/div>\n\t\t\t\t<\/div>\n\t\t\t\t<div class=\"elementor-element elementor-element-3b51582 elementor-widget elementor-widget-heading\" data-id=\"3b51582\" data-element_type=\"widget\" data-e-type=\"widget\" data-widget_type=\"heading.default\">\n\t\t\t\t<div class=\"elementor-widget-container\">\n\t\t\t\t\t<h2 class=\"elementor-heading-title elementor-size-default\">ACCESSOIRES<\/h2>\t\t\t\t<\/div>\n\t\t\t\t<\/div>\n\t\t\t\t\t<\/div>\n\t\t<\/div>\n\t\t\t\t\t<\/div>\n\t\t<\/section>\n\t\t\t\t<section class=\"elementor-section elementor-top-section elementor-element elementor-element-945c6e0 elementor-section-full_width elementor-section-height-default elementor-section-height-default wpr-particle-no wpr-jarallax-no wpr-parallax-no wpr-sticky-section-no wpr-column-slider-no wpr-equal-height-no\" data-id=\"945c6e0\" data-element_type=\"section\" data-e-type=\"section\">\n\t\t\t\t\t\t<div class=\"elementor-container elementor-column-gap-default\">\n\t\t\t\t\t<div class=\"elementor-column elementor-col-50 elementor-top-column elementor-element elementor-element-fd295e4\" data-id=\"fd295e4\" data-element_type=\"column\" data-e-type=\"column\">\n\t\t\t<div class=\"elementor-widget-wrap elementor-element-populated\">\n\t\t\t\t\t\t<div class=\"elementor-element elementor-element-1abad74 elementor-cta--skin-cover elementor-cta--valign-middle elementor-bg-transform elementor-bg-transform-zoom-in elementor-widget elementor-widget-call-to-action\" data-id=\"1abad74\" data-element_type=\"widget\" data-e-type=\"widget\" data-widget_type=\"call-to-action.default\">\n\t\t\t\t<div class=\"elementor-widget-container\">\n\t\t\t\t\t\t\t<div class=\"elementor-cta\">\n\t\t\t\t\t<div class=\"elementor-cta__bg-wrapper\">\n\t\t\t\t<div class=\"elementor-cta__bg elementor-bg\" style=\"background-image: url(https:\/\/ekahi-surfboards.com\/wp-content\/uploads\/2025\/07\/Jerry-channels-paysage-3-scaled.webp);\" role=\"img\" aria-label=\"View of a guy smiling with a white 5&#039;0 channels carbon surfboard and a grom marble traction pad.\"><\/div>\n\t\t\t\t<div class=\"elementor-cta__bg-overlay\"><\/div>\n\t\t\t<\/div>\n\t\t\t\t\t\t\t<div class=\"elementor-cta__content\">\n\t\t\t\t\n\t\t\t\t\n\t\t\t\t\n\t\t\t\t\t\t\t\t\t<div class=\"elementor-cta__button-wrapper elementor-cta__content-item elementor-content-item\">\n\t\t\t\t\t<a class=\"elementor-cta__button elementor-button elementor-size-\" href=\"https:\/\/ekahi-surfboards.com\/fr\/pads-pour-planche-de-surf\/\">\n\t\t\t\t\t\tPAD SURF\t\t\t\t\t<\/a>\n\t\t\t\t\t<\/div>\n\t\t\t\t\t\t\t<\/div>\n\t\t\t\t\t\t<\/div>\n\t\t\t\t\t\t<\/div>\n\t\t\t\t<\/div>\n\t\t\t\t\t<\/div>\n\t\t<\/div>\n\t\t\t\t<div class=\"elementor-column elementor-col-50 elementor-top-column elementor-element elementor-element-61eba65\" data-id=\"61eba65\" data-element_type=\"column\" data-e-type=\"column\">\n\t\t\t<div class=\"elementor-widget-wrap elementor-element-populated\">\n\t\t\t\t\t\t<div class=\"elementor-element elementor-element-7cbaffc elementor-cta--skin-cover elementor-cta--valign-middle elementor-bg-transform elementor-bg-transform-zoom-in elementor-widget elementor-widget-call-to-action\" data-id=\"7cbaffc\" data-element_type=\"widget\" data-e-type=\"widget\" data-widget_type=\"call-to-action.default\">\n\t\t\t\t<div class=\"elementor-widget-container\">\n\t\t\t\t\t\t\t<div class=\"elementor-cta\">\n\t\t\t\t\t<div class=\"elementor-cta__bg-wrapper\">\n\t\t\t\t<div class=\"elementor-cta__bg elementor-bg\" style=\"background-image: url(https:\/\/ekahi-surfboards.com\/wp-content\/uploads\/2025\/07\/53-CK-BEACH-BOTTOM-2-scaled.webp);\" role=\"img\" aria-label=\"Bottom view of a 53 in carbon kevlar in 5&#039;6 with a black\/grey Ekahi surf leash 6ft and thruster fins.\"><\/div>\n\t\t\t\t<div class=\"elementor-cta__bg-overlay\"><\/div>\n\t\t\t<\/div>\n\t\t\t\t\t\t\t<div class=\"elementor-cta__content\">\n\t\t\t\t\n\t\t\t\t\n\t\t\t\t\n\t\t\t\t\t\t\t\t\t<div class=\"elementor-cta__button-wrapper elementor-cta__content-item elementor-content-item\">\n\t\t\t\t\t<a class=\"elementor-cta__button elementor-button elementor-size-\" href=\"https:\/\/ekahi-surfboards.com\/fr\/surf-leash\/\">\n\t\t\t\t\t\tLEASH\t\t\t\t\t<\/a>\n\t\t\t\t\t<\/div>\n\t\t\t\t\t\t\t<\/div>\n\t\t\t\t\t\t<\/div>\n\t\t\t\t\t\t<\/div>\n\t\t\t\t<\/div>\n\t\t\t\t\t<\/div>\n\t\t<\/div>\n\t\t\t\t\t<\/div>\n\t\t<\/section>\n\t\t\t\t<\/div>","protected":false},"excerpt":{"rendered":"<p>SURFBOARDS Find Your Surfboard \u2013 All Shapes, All Levels, All Conditions Whether you&#8217;re learning to surf, improving your turns, or chasing speed and flow, our surfboard range covers every need.From soft-top boards to high-performance carbon models, we offer shortboards, twins, mids, and longboards shaped for real-world waves and real surfers.Designed and trusted across Europe, built to ride anywhere. Carbon surfboards Soft Top Surfboards ACCESSORIES TRACTION PADS LEASH<\/p>","protected":false},"author":5,"featured_media":13869,"parent":0,"menu_order":0,"comment_status":"closed","ping_status":"closed","template":"elementor_header_footer","meta":{"footnotes":""},"class_list":["post-13909","page","type-page","status-publish","has-post-thumbnail","hentry"],"yoast_head":"<!-- This site is optimized with the Yoast SEO plugin v27.6 - https:\/\/yoast.com\/product\/yoast-seo-wordpress\/ -->\n<title>Surfboards for Every Style &amp; Level | EKAHI Surfboards<\/title>\n<meta name=\"description\" content=\"Explore our full range of surfboards, from foam boards to carbon builds, all designed for all skill levels and surf conditions.\" \/>\n<meta name=\"robots\" content=\"index, follow, max-snippet:-1, max-image-preview:large, max-video-preview:-1\" \/>\n<link rel=\"canonical\" href=\"https:\/\/ekahi-surfboards.com\/fr\/planches-de-surf\/\" \/>\n<meta property=\"og:locale\" content=\"fr_FR\" \/>\n<meta property=\"og:type\" content=\"article\" \/>\n<meta property=\"og:title\" content=\"Surfboards for Every Style &amp; Level | EKAHI Surfboards\" \/>\n<meta property=\"og:description\" content=\"Explore our full range of surfboards, from foam boards to carbon builds, all designed for all skill levels and surf conditions.\" \/>\n<meta property=\"og:url\" content=\"https:\/\/ekahi-surfboards.com\/fr\/planches-de-surf\/\" \/>\n<meta property=\"og:site_name\" content=\"Ekahi surfboards\" \/>\n<meta property=\"article:publisher\" content=\"https:\/\/www.facebook.com\/people\/Ekahi-Surfboards\/61578219723353\/\" \/>\n<meta property=\"article:modified_time\" content=\"2026-05-10T11:28:18+00:00\" \/>\n<meta property=\"og:image\" content=\"https:\/\/ekahi-surfboards.com\/wp-content\/uploads\/2025\/07\/SQUASH-WHITE-TOP-HAND-1-scaled.webp\" \/>\n\t<meta property=\"og:image:width\" content=\"1441\" \/>\n\t<meta property=\"og:image:height\" content=\"2560\" \/>\n\t<meta property=\"og:image:type\" content=\"image\/webp\" \/>\n<meta name=\"twitter:card\" content=\"summary_large_image\" \/>\n<meta name=\"twitter:label1\" content=\"Dur\u00e9e de lecture estim\u00e9e\" \/>\n\t<meta name=\"twitter:data1\" content=\"1 minute\" \/>\n<script type=\"application\/ld+json\" class=\"yoast-schema-graph\">{\"@context\":\"https:\\\/\\\/schema.org\",\"@graph\":[{\"@type\":\"WebPage\",\"@id\":\"https:\\\/\\\/ekahi-surfboards.com\\\/surfboards\\\/\",\"url\":\"https:\\\/\\\/ekahi-surfboards.com\\\/surfboards\\\/\",\"name\":\"Surfboards for Every Style & Level | EKAHI Surfboards\",\"isPartOf\":{\"@id\":\"https:\\\/\\\/ekahi-surfboards.com\\\/#website\"},\"primaryImageOfPage\":{\"@id\":\"https:\\\/\\\/ekahi-surfboards.com\\\/surfboards\\\/#primaryimage\"},\"image\":{\"@id\":\"https:\\\/\\\/ekahi-surfboards.com\\\/surfboards\\\/#primaryimage\"},\"thumbnailUrl\":\"https:\\\/\\\/ekahi-surfboards.com\\\/wp-content\\\/uploads\\\/2025\\\/07\\\/SQUASH-WHITE-TOP-HAND-1-scaled.webp\",\"datePublished\":\"2025-08-01T21:10:34+00:00\",\"dateModified\":\"2026-05-10T11:28:18+00:00\",\"description\":\"Explore our full range of surfboards, from foam boards to carbon builds, all designed for all skill levels and surf conditions.\",\"breadcrumb\":{\"@id\":\"https:\\\/\\\/ekahi-surfboards.com\\\/surfboards\\\/#breadcrumb\"},\"inLanguage\":\"fr-FR\",\"potentialAction\":[{\"@type\":\"ReadAction\",\"target\":[\"https:\\\/\\\/ekahi-surfboards.com\\\/surfboards\\\/\"]}]},{\"@type\":\"ImageObject\",\"inLanguage\":\"fr-FR\",\"@id\":\"https:\\\/\\\/ekahi-surfboards.com\\\/surfboards\\\/#primaryimage\",\"url\":\"https:\\\/\\\/ekahi-surfboards.com\\\/wp-content\\\/uploads\\\/2025\\\/07\\\/SQUASH-WHITE-TOP-HAND-1-scaled.webp\",\"contentUrl\":\"https:\\\/\\\/ekahi-surfboards.com\\\/wp-content\\\/uploads\\\/2025\\\/07\\\/SQUASH-WHITE-TOP-HAND-1-scaled.webp\",\"width\":1441,\"height\":2560},{\"@type\":\"BreadcrumbList\",\"@id\":\"https:\\\/\\\/ekahi-surfboards.com\\\/surfboards\\\/#breadcrumb\",\"itemListElement\":[{\"@type\":\"ListItem\",\"position\":1,\"name\":\"Accueil\",\"item\":\"https:\\\/\\\/ekahi-surfboards.com\\\/\"},{\"@type\":\"ListItem\",\"position\":2,\"name\":\"SURFBOARDS\"}]},{\"@type\":\"WebSite\",\"@id\":\"https:\\\/\\\/ekahi-surfboards.com\\\/#website\",\"url\":\"https:\\\/\\\/ekahi-surfboards.com\\\/\",\"name\":\"Ekahi surfboards\",\"description\":\"Engineered for speed. Built to last.\",\"publisher\":{\"@id\":\"https:\\\/\\\/ekahi-surfboards.com\\\/#organization\"},\"potentialAction\":[{\"@type\":\"SearchAction\",\"target\":{\"@type\":\"EntryPoint\",\"urlTemplate\":\"https:\\\/\\\/ekahi-surfboards.com\\\/?s={search_term_string}\"},\"query-input\":{\"@type\":\"PropertyValueSpecification\",\"valueRequired\":true,\"valueName\":\"search_term_string\"}}],\"inLanguage\":\"fr-FR\"},{\"@type\":\"Organization\",\"@id\":\"https:\\\/\\\/ekahi-surfboards.com\\\/#organization\",\"name\":\"Ekahi surfboards\",\"url\":\"https:\\\/\\\/ekahi-surfboards.com\\\/\",\"logo\":{\"@type\":\"ImageObject\",\"inLanguage\":\"fr-FR\",\"@id\":\"https:\\\/\\\/ekahi-surfboards.com\\\/#\\\/schema\\\/logo\\\/image\\\/\",\"url\":\"https:\\\/\\\/ekahi-surfboards.com\\\/wp-content\\\/uploads\\\/2023\\\/05\\\/cropped-Logo-E-1.png\",\"contentUrl\":\"https:\\\/\\\/ekahi-surfboards.com\\\/wp-content\\\/uploads\\\/2023\\\/05\\\/cropped-Logo-E-1.png\",\"width\":512,\"height\":512,\"caption\":\"Ekahi surfboards\"},\"image\":{\"@id\":\"https:\\\/\\\/ekahi-surfboards.com\\\/#\\\/schema\\\/logo\\\/image\\\/\"},\"sameAs\":[\"https:\\\/\\\/www.facebook.com\\\/people\\\/Ekahi-Surfboards\\\/61578219723353\\\/\",\"https:\\\/\\\/www.instagram.com\\\/ekahi.surfboards\\\/\",\"https:\\\/\\\/www.tiktok.com\\\/@ekahi.surfboards\"]}]}<\/script>\n<!-- \/ Yoast SEO plugin. -->","yoast_head_json":{"title":"Surfboards for Every Style & Level | EKAHI Surfboards","description":"Explore our full range of surfboards, from foam boards to carbon builds, all designed for all skill levels and surf conditions.","robots":{"index":"index","follow":"follow","max-snippet":"max-snippet:-1","max-image-preview":"max-image-preview:large","max-video-preview":"max-video-preview:-1"},"canonical":"https:\/\/ekahi-surfboards.com\/fr\/planches-de-surf\/","og_locale":"fr_FR","og_type":"article","og_title":"Surfboards for Every Style & Level | EKAHI Surfboards","og_description":"Explore our full range of surfboards, from foam boards to carbon builds, all designed for all skill levels and surf conditions.","og_url":"https:\/\/ekahi-surfboards.com\/fr\/planches-de-surf\/","og_site_name":"Ekahi surfboards","article_publisher":"https:\/\/www.facebook.com\/people\/Ekahi-Surfboards\/61578219723353\/","article_modified_time":"2026-05-10T11:28:18+00:00","og_image":[{"width":1441,"height":2560,"url":"https:\/\/ekahi-surfboards.com\/wp-content\/uploads\/2025\/07\/SQUASH-WHITE-TOP-HAND-1-scaled.webp","type":"image\/webp"}],"twitter_card":"summary_large_image","twitter_misc":{"Dur\u00e9e de lecture estim\u00e9e":"1 minute"},"schema":{"@context":"https:\/\/schema.org","@graph":[{"@type":"WebPage","@id":"https:\/\/ekahi-surfboards.com\/surfboards\/","url":"https:\/\/ekahi-surfboards.com\/surfboards\/","name":"Surfboards for Every Style & Level | EKAHI Surfboards","isPartOf":{"@id":"https:\/\/ekahi-surfboards.com\/#website"},"primaryImageOfPage":{"@id":"https:\/\/ekahi-surfboards.com\/surfboards\/#primaryimage"},"image":{"@id":"https:\/\/ekahi-surfboards.com\/surfboards\/#primaryimage"},"thumbnailUrl":"https:\/\/ekahi-surfboards.com\/wp-content\/uploads\/2025\/07\/SQUASH-WHITE-TOP-HAND-1-scaled.webp","datePublished":"2025-08-01T21:10:34+00:00","dateModified":"2026-05-10T11:28:18+00:00","description":"Explore our full range of surfboards, from foam boards to carbon builds, all designed for all skill levels and surf conditions.","breadcrumb":{"@id":"https:\/\/ekahi-surfboards.com\/surfboards\/#breadcrumb"},"inLanguage":"fr-FR","potentialAction":[{"@type":"ReadAction","target":["https:\/\/ekahi-surfboards.com\/surfboards\/"]}]},{"@type":"ImageObject","inLanguage":"fr-FR","@id":"https:\/\/ekahi-surfboards.com\/surfboards\/#primaryimage","url":"https:\/\/ekahi-surfboards.com\/wp-content\/uploads\/2025\/07\/SQUASH-WHITE-TOP-HAND-1-scaled.webp","contentUrl":"https:\/\/ekahi-surfboards.com\/wp-content\/uploads\/2025\/07\/SQUASH-WHITE-TOP-HAND-1-scaled.webp","width":1441,"height":2560},{"@type":"BreadcrumbList","@id":"https:\/\/ekahi-surfboards.com\/surfboards\/#breadcrumb","itemListElement":[{"@type":"ListItem","position":1,"name":"Accueil","item":"https:\/\/ekahi-surfboards.com\/"},{"@type":"ListItem","position":2,"name":"SURFBOARDS"}]},{"@type":"WebSite","@id":"https:\/\/ekahi-surfboards.com\/#website","url":"https:\/\/ekahi-surfboards.com\/","name":"Ekahi surfboards","description":"Engineered for speed. Built to last.","publisher":{"@id":"https:\/\/ekahi-surfboards.com\/#organization"},"potentialAction":[{"@type":"SearchAction","target":{"@type":"EntryPoint","urlTemplate":"https:\/\/ekahi-surfboards.com\/?s={search_term_string}"},"query-input":{"@type":"PropertyValueSpecification","valueRequired":true,"valueName":"search_term_string"}}],"inLanguage":"fr-FR"},{"@type":"Organization","@id":"https:\/\/ekahi-surfboards.com\/#organization","name":"Ekahi surfboards","url":"https:\/\/ekahi-surfboards.com\/","logo":{"@type":"ImageObject","inLanguage":"fr-FR","@id":"https:\/\/ekahi-surfboards.com\/#\/schema\/logo\/image\/","url":"https:\/\/ekahi-surfboards.com\/wp-content\/uploads\/2023\/05\/cropped-Logo-E-1.png","contentUrl":"https:\/\/ekahi-surfboards.com\/wp-content\/uploads\/2023\/05\/cropped-Logo-E-1.png","width":512,"height":512,"caption":"Ekahi surfboards"},"image":{"@id":"https:\/\/ekahi-surfboards.com\/#\/schema\/logo\/image\/"},"sameAs":["https:\/\/www.facebook.com\/people\/Ekahi-Surfboards\/61578219723353\/","https:\/\/www.instagram.com\/ekahi.surfboards\/","https:\/\/www.tiktok.com\/@ekahi.surfboards"]}]}},"jetpack_sharing_enabled":true,"_links":{"self":[{"href":"https:\/\/ekahi-surfboards.com\/fr\/wp-json\/wp\/v2\/pages\/13909","targetHints":{"allow":["GET"]}}],"collection":[{"href":"https:\/\/ekahi-surfboards.com\/fr\/wp-json\/wp\/v2\/pages"}],"about":[{"href":"https:\/\/ekahi-surfboards.com\/fr\/wp-json\/wp\/v2\/types\/page"}],"author":[{"embeddable":true,"href":"https:\/\/ekahi-surfboards.com\/fr\/wp-json\/wp\/v2\/users\/5"}],"replies":[{"embeddable":true,"href":"https:\/\/ekahi-surfboards.com\/fr\/wp-json\/wp\/v2\/comments?post=13909"}],"version-history":[{"count":52,"href":"https:\/\/ekahi-surfboards.com\/fr\/wp-json\/wp\/v2\/pages\/13909\/revisions"}],"predecessor-version":[{"id":17606,"href":"https:\/\/ekahi-surfboards.com\/fr\/wp-json\/wp\/v2\/pages\/13909\/revisions\/17606"}],"wp:featuredmedia":[{"embeddable":true,"href":"https:\/\/ekahi-surfboards.com\/fr\/wp-json\/wp\/v2\/media\/13869"}],"wp:attachment":[{"href":"https:\/\/ekahi-surfboards.com\/fr\/wp-json\/wp\/v2\/media?parent=13909"}],"curies":[{"name":"wp","href":"https:\/\/api.w.org\/{rel}","templated":true}]}}